{"id":4058,"date":"2020-11-29T18:19:23","date_gmt":"2020-11-29T18:19:23","guid":{"rendered":"https:\/\/mar-kat.hr\/en\/?page_id=4058"},"modified":"2023-01-18T19:05:40","modified_gmt":"2023-01-18T19:05:40","slug":"reference-list","status":"publish","type":"page","link":"https:\/\/mar-kat.hr\/en\/reference-list\/","title":{"rendered":"Reference list"},"content":{"rendered":"<p>[vc_row][vc_column][vc_tabs interval=&#8221;0&#8243;][vc_tab title=&#8221;Ba\u0161ka&#8221; tab_id=&#8221;4bce3a09-d396-7&#8243;][vc_column_text]<\/p>\n<ul>\n<li>Ante Star\u010devi\u0107a 5<\/li>\n<li>Ante Star\u010devi\u0107a 11<\/li>\n<li>Ante Star\u010devi\u0107a 19<\/li>\n<li>Creska 7<\/li>\n<li>Creska 7A<\/li>\n<li>E. Geistlicha 53A<\/li>\n<li>Frankopanska 38<\/li>\n<li>Gruh 32<\/li>\n<li>Jurandvor 4\/1<\/li>\n<li>P.P. Dor\u010di\u0107a 37<\/li>\n<li>Ribarska 41<\/li>\n<li>Vinogradska 4<\/li>\n<li>Vinogradska 9<\/li>\n<li>Zagreba\u010dka 9<\/li>\n<li>Zarok 52A<\/li>\n<li>Zarok 52B<\/li>\n<\/ul>\n<p>[\/vc_column_text][\/vc_tab][vc_tab title=&#8221;Dobrinj&#8221; tab_id=&#8221;f7da6784-3162-7&#8243;][vc_column_text]<\/p>\n<ul>\n<li>\u010ci\u017ei\u0107i 16A<\/li>\n<li>\u010ci\u017ei\u0107i 16 B i C<\/li>\n<li>\u010ci\u017ei\u0107i 93B<\/li>\n<li>\u010ci\u017ei\u0107i 93D<\/li>\n<li>\u010ci\u017ei\u0107i 93E<\/li>\n<li>\u010ci\u017ei\u0107i 93F<\/li>\n<li>\u010ci\u017ei\u0107i 93G<\/li>\n<li>\u010ci\u017ei\u0107i 120<\/li>\n<li>\u010ci\u017ei\u0107i 121<\/li>\n<li>\u010ci\u017ei\u0107i 154<\/li>\n<li>\u010ci\u017ei\u0107i 217A<\/li>\n<li>\u010ci\u017ei\u0107i 275<\/li>\n<li>\u010ci\u017ei\u0107i 299B<\/li>\n<li>\u010ci\u017ei\u0107i 310C<\/li>\n<li>\u010ci\u017ei\u0107i 310D<\/li>\n<li>\u010ci\u017ei\u0107i 311A<\/li>\n<li>\u010ci\u017ei\u0107i 311B<\/li>\n<li>\u010ci\u017ei\u0107i 329<\/li>\n<li>\u010ci\u017ei\u0107i 329 A i B<\/li>\n<li>\u010ci\u017ei\u0107i 344<\/li>\n<li>\u010ci\u017ei\u0107i 345<\/li>\n<li>\u010ci\u017ei\u0107i 346<\/li>\n<li>\u010ci\u017ei\u0107i 347<\/li>\n<li>\u010ci\u017ei\u0107i 348<\/li>\n<li>\u010ci\u017ei\u0107i 351<\/li>\n<li>\u010ci\u017ei\u0107i 413<\/li>\n<li>\u010ci\u017ei\u0107i 432<\/li>\n<li>\u010ci\u017ei\u0107i 433<\/li>\n<li>\u010ci\u017ei\u0107i 436B<\/li>\n<li>\u010ci\u017ei\u0107i 439<\/li>\n<li>Klimno 16C<\/li>\n<li>Klimno 16D<\/li>\n<li>Klimno 16F<\/li>\n<li>Klimno 30A<\/li>\n<li>Klimno 30B<\/li>\n<li>Klimno 91A<\/li>\n<li>Klimno 91B<\/li>\n<li>Klimno 91C<\/li>\n<li>Klimno 93<\/li>\n<li>Klimno 96B<\/li>\n<li>Soline 28D<\/li>\n<li>Solin 29A<\/li>\n<li>Soline 85<\/li>\n<li>Soline 84A<\/li>\n<li>Su\u017ean 1<\/li>\n<li>Sv.Ivan Dobrinjski 1C<\/li>\n<\/ul>\n<p>[\/vc_column_text][\/vc_tab][vc_tab title=&#8221;Krk&#8221; tab_id=&#8221;1606673933760-2-2&#8243;][vc_column_text]<\/p>\n<ul>\n<li>ANEX R.KRK<\/li>\n<li>A.B.\u0160imi\u0107a 4<\/li>\n<li>A.B. \u0160imi\u0107a 6<\/li>\n<li>B.A. Mahni\u0107a 6<\/li>\n<li>Bartola Ka\u0161i\u0107a 12<\/li>\n<li>Bodulska 9<\/li>\n<li>Crikveni\u010dka 5A<\/li>\n<li>Crikveni\u010dka 12<\/li>\n<li>Crikveni\u010dka 27<\/li>\n<li>Dobrinjska 1<\/li>\n<li>Duba\u0161ljanska 18<\/li>\n<li>Me\u0161trovi\u0107a 21A<\/li>\n<li>J.Pupa\u010di\u0107a 19<\/li>\n<li>J. Pupa\u010di\u0107a 70<\/li>\n<li>Kralja Tomislava 14<\/li>\n<li>Linardi\u0107i 3B<\/li>\n<li>Lovorik 13<\/li>\n<li>Lj. Gaja 6<\/li>\n<li>Lj. Gaja 8<\/li>\n<li>Mali Kartec 47<\/li>\n<li>Mali Kartec 48<\/li>\n<li>Mate Balote 31<\/li>\n<li>M. Laginje 10A<\/li>\n<li>M. Laginje 10B<\/li>\n<li>M. Krle\u017ee 2<\/li>\n<li>N. Preporoda 27<\/li>\n<li>O. Ker\u0161ovanije 2<\/li>\n<li>Pa\u0161ka 3<\/li>\n<li>Pa\u0161ka 7a<\/li>\n<li>Plavni\u010dka 31<\/li>\n<li>Potok 33A<\/li>\n<li>Potok 40<\/li>\n<li>R. Bo\u0161kovi\u0107a 11<\/li>\n<li>Senjska 2A<\/li>\n<li>Sv. Ivan 5<\/li>\n<li>S.Radi\u0107a 8<\/li>\n<li>Sv.Ivan 23B<\/li>\n<li>S. Nikoli\u0107a 38C<\/li>\n<li>Smokvik 4<\/li>\n<li>Vidikovac 22<\/li>\n<li>Vidikovac 46<\/li>\n<li>V.Toma\u0161i\u0107a 22A<\/li>\n<li>Vr\u0161anska 6A<\/li>\n<li>Zagreba\u010dka 3<\/li>\n<li>Zagreba\u010dka 18 A i B<\/li>\n<\/ul>\n<p>[\/vc_column_text][\/vc_tab][vc_tab title=&#8221;Malinska&#8221; tab_id=&#8221;1606674143733-3-8&#8243;][vc_column_text]<\/p>\n<ul>\n<li>17. Travnja 17<\/li>\n<li>Ba\u0161\u0107anska 12<\/li>\n<li>B. Fu\u010di\u0107a 31<\/li>\n<li>B. Fu\u010di\u0107a 33<\/li>\n<li>B. Fu\u010di\u0107a 38<\/li>\n<li>\u010crni pesak 14<\/li>\n<li>Dobrinjska 5<\/li>\n<li>Dubanjak 4<\/li>\n<li>Duba\u0161ljanska 77<\/li>\n<li>Duba\u0161ljanska 91A<\/li>\n<li>Duba\u0161ljanska 101A<\/li>\n<li>Duba\u0161ljanska 111<\/li>\n<li>Duba\u0161ljanska 116<\/li>\n<li>Duba\u0161ljanska 118<\/li>\n<li>Duba\u0161ljanska 134A<\/li>\n<li>Duba\u0161ljanska 134B<\/li>\n<li>Duhljica 23<\/li>\n<li>Duhljica 25<\/li>\n<li>Grdine 12<\/li>\n<li>Gri\u010d 1<\/li>\n<li>Gri\u010d 7<\/li>\n<li>Gri\u010d 19<\/li>\n<li>Gri\u010d 21<\/li>\n<li>Gri\u010d 23<\/li>\n<li>I. Odv. \u010crni Pesak 6<\/li>\n<li>II. Odv. \u010crni pesak 6<\/li>\n<li>Jadranska 17<\/li>\n<li>Jaz 1<\/li>\n<li>Jaz 6<\/li>\n<li>Kapela 1<\/li>\n<li>Karinovo 1 i 41<\/li>\n<li>Karinovo 3<\/li>\n<li>Karinovo 13<\/li>\n<li>Karinovo 25<\/li>\n<li>Karinovo 55B<\/li>\n<li>Kralja Tomislava 6<\/li>\n<li>Kr\u010dka 10<\/li>\n<li>Kr\u010dka 16<\/li>\n<li>Linardi\u0107i 3B<\/li>\n<li>Li\u0161ina 2<\/li>\n<li>Li\u0161ina 2a<\/li>\n<li>Li\u0161ina 3<\/li>\n<li>Li\u0161ina 3A<\/li>\n<li>Li\u0161ina 5<\/li>\n<li>Li\u0161ina 13<\/li>\n<li>Li\u0161ina 23<\/li>\n<li>Li\u0161ina 23A<\/li>\n<li>Maslinska 10<\/li>\n<li>M. Celebrinija 10<\/li>\n<li>M.Krle\u017ee 6<\/li>\n<li>Mirka Radi\u0107a 22<\/li>\n<li>N. Karabai\u0107a 11<\/li>\n<li>N.Karabai\u0107a 13<\/li>\n<li>Novine 3<\/li>\n<li>N. Tesle 31<\/li>\n<li>N. Tesle 60<\/li>\n<li>Odv. Grdine 2<\/li>\n<li>Odv. Grdine 4<\/li>\n<li>Odv. Li\u0161ine 16<\/li>\n<li>Odv. 17. Travnja 2<\/li>\n<li>Odv. 17. Travnja 4<\/li>\n<li>Odv. Kvarnerske 2<\/li>\n<li>Odv.Primorske 4A<\/li>\n<li>Odv. Primorske 8<\/li>\n<li>Odv. Primorske 10<\/li>\n<li>Odv.Primorske 12<\/li>\n<li>Odv. Primorske 22A<\/li>\n<li>O\u0161i\u0161\u0107e 6<\/li>\n<li>Palih Boraca 10<\/li>\n<li>Pavus I\/3<\/li>\n<li>Pavus III 10<\/li>\n<li>Pavus IV 8<\/li>\n<li>Petrlini 7a<\/li>\n<li>Podvornica 6<\/li>\n<li>Polji\u010dka 6<\/li>\n<li>Porat 37A<\/li>\n<li>Porat 37B<\/li>\n<li>Porat 37C<\/li>\n<li>Porat 37D<\/li>\n<li>Porat 44B<\/li>\n<li>Porat 44C<\/li>\n<li>Porat 125C<\/li>\n<li>Porat 125D<\/li>\n<li>Porat 126A<\/li>\n<li>Porat 129<\/li>\n<li>Prhovi\u0107eva 20<\/li>\n<li>Prhovi\u0107eva 24<\/li>\n<li>Prhovi\u0107eva 26<\/li>\n<li>Priko Poja 4<\/li>\n<li>Priko Poja 8<\/li>\n<li>Priko Poja 10<\/li>\n<li>Rije\u010dka 14b<\/li>\n<li>Rije\u010dka 16<\/li>\n<li>Rije\u010dka 16A<\/li>\n<li>Rije\u010dka 18A<\/li>\n<li>Rije\u010dka 20<\/li>\n<li>Rije\u010dka 30<\/li>\n<li>Rova 30<\/li>\n<li>Rova 33A<\/li>\n<li>Rova 33B<\/li>\n<li>Rova 37<\/li>\n<li>Samoborska 1<\/li>\n<li>Samoborska 2<\/li>\n<li>Samoborska 22<\/li>\n<li>Samoborska 29<\/li>\n<li>Sl.Pan\u010di\u0107a 10<\/li>\n<li>Sv. Apolinar 18B<\/li>\n<li>Tina Ujevi\u0107a 14<\/li>\n<li>Zagreba\u010dka 22<\/li>\n<li>\u017dubra 11<\/li>\n<\/ul>\n<p>[\/vc_column_text][\/vc_tab][vc_tab title=&#8221;Njivice&#8221; tab_id=&#8221;1606674396178-4-6&#8243;][vc_column_text]<\/p>\n<ul>\n<li>Bodulska 23B<\/li>\n<li>Bodulska 25<\/li>\n<li>Cvjetni trg 1<\/li>\n<li>Cvjetni trg 2<\/li>\n<li>Cvjetni trg 7<\/li>\n<li>Cvjetni trg 7A<\/li>\n<li>Cvjetni trg 8<\/li>\n<li>Jadranska 1B<\/li>\n<li>Kralja Zvonimira 2A<\/li>\n<li>Kralja Zvonimira 2B<\/li>\n<li>Kralja Zvonimira 4A<\/li>\n<li>N. Lon\u010dari\u0107a 6<\/li>\n<li>N. Lon\u010dari\u0107a 9A<\/li>\n<li>Trg A. Star\u010devi\u0107a 6<\/li>\n<li>Trg A. Star\u010devi\u0107a 9<\/li>\n<li>Trg Ru\u017emarina 8<\/li>\n<li>Trg Ru\u017emarina 9<\/li>\n<\/ul>\n<p>[\/vc_column_text][\/vc_tab][vc_tab title=&#8221;Punat&#8221; tab_id=&#8221;1606674471149-5-6&#8243;][vc_column_text]<\/p>\n<ul>\n<li>17. Travnja 85<\/li>\n<li>Batovo 4<\/li>\n<li>Creska 4<\/li>\n<li>K. Zvonimira 159<\/li>\n<li>Pe\u0161\u0107evica 16<\/li>\n<li>Plavni\u010dka 10<\/li>\n<li>Ravnica 40<\/li>\n<li>R. Bo\u0161kovi\u0107a 65<\/li>\n<li>Staroba\u0161\u0107anska 6A<\/li>\n<li>Vela Groma\u010da 5<\/li>\n<\/ul>\n<p>[\/vc_column_text][\/vc_tab][vc_tab title=&#8221;\u0160ilo&#8221; tab_id=&#8221;1606674548844-6-1&#8243;][vc_column_text]<\/p>\n<ul>\n<li>Brdo 16<\/li>\n<li>Jesenovica 17 A i B<\/li>\n<li>Jesenovica 93\/1<\/li>\n<li>Jesenovica 144<\/li>\n<li>Konjska 17<\/li>\n<li>Kostrij 56<\/li>\n<li>Kostrij 64<\/li>\n<li>Kostrij 66<\/li>\n<li>Nova cesta 15A<\/li>\n<li>\u0160et .J. Pava\u010di\u0107a 10A<\/li>\n<li>\u017dvankova 15A<\/li>\n<\/ul>\n<p>[\/vc_column_text][\/vc_tab][vc_tab title=&#8221;Vrbnik&#8221; tab_id=&#8221;1606674584355-7-1&#8243;][vc_column_text]<\/p>\n<ul>\n<li>B.Trinajsti\u0107 44<\/li>\n<li>Dr. Mata Dvorni\u010di\u0107a 8<\/li>\n<li>Glagolja\u0161ka 12<\/li>\n<li>\u0160ipun 18A<\/li>\n<li>Dr.M.Valkovi\u0107a 10<\/li>\n<\/ul>\n<p>[\/vc_column_text][\/vc_tab][vc_tab title=&#8221;Omi\u0161alj&#8221; tab_id=&#8221;1606674608779-8-0&#8243;][vc_column_text]<\/p>\n<ul>\n<li>Bjani\u017eov 1<\/li>\n<li>Bjani\u017eov 3<\/li>\n<li>Bjani\u017eov 18<\/li>\n<li>Prike\u0161te 29<\/li>\n<li>Veli Kijec 52<\/li>\n<\/ul>\n<p>[\/vc_column_text][\/vc_tab][\/vc_tabs][\/vc_column][\/vc_row]<\/p>\n","protected":false},"excerpt":{"rendered":"<p>[vc_row][vc_column][vc_tabs interval=&#8221;0&#8243;][vc_tab title=&#8221;Ba\u0161ka&#8221; tab_id=&#8221;4bce3a09-d396-7&#8243;][vc_column_text] Ante Star\u010devi\u0107a 5 Ante Star\u010devi\u0107a 11 Ante Star\u010devi\u0107a 19 Creska 7 Creska 7A E. Geistlicha 53A Frankopanska 38 Gruh 32 Jurandvor 4\/1 P.P. Dor\u010di\u0107a 37 Ribarska 41 Vinogradska 4 Vinogradska 9 Zagreba\u010dka 9 Zarok 52A Zarok 52B [\/vc_column_text][\/vc_tab][vc_tab title=&#8221;Dobrinj&#8221; tab_id=&#8221;f7da6784-3162-7&#8243;][vc_column_text] \u010ci\u017ei\u0107i 16A \u010ci\u017ei\u0107i 16 B i C \u010ci\u017ei\u0107i 93B \u010ci\u017ei\u0107i 93D&hellip;<\/p>\n","protected":false},"author":1,"featured_media":0,"parent":0,"menu_order":0,"comment_status":"closed","ping_status":"closed","template":"","meta":[],"_links":{"self":[{"href":"https:\/\/mar-kat.hr\/en\/wp-json\/wp\/v2\/pages\/4058"}],"collection":[{"href":"https:\/\/mar-kat.hr\/en\/wp-json\/wp\/v2\/pages"}],"about":[{"href":"https:\/\/mar-kat.hr\/en\/wp-json\/wp\/v2\/types\/page"}],"author":[{"embeddable":true,"href":"https:\/\/mar-kat.hr\/en\/wp-json\/wp\/v2\/users\/1"}],"replies":[{"embeddable":true,"href":"https:\/\/mar-kat.hr\/en\/wp-json\/wp\/v2\/comments?post=4058"}],"version-history":[{"count":11,"href":"https:\/\/mar-kat.hr\/en\/wp-json\/wp\/v2\/pages\/4058\/revisions"}],"predecessor-version":[{"id":4270,"href":"https:\/\/mar-kat.hr\/en\/wp-json\/wp\/v2\/pages\/4058\/revisions\/4270"}],"wp:attachment":[{"href":"https:\/\/mar-kat.hr\/en\/wp-json\/wp\/v2\/media?parent=4058"}],"curies":[{"name":"wp","href":"https:\/\/api.w.org\/{rel}","templated":true}]}}